{"id":425,"date":"2024-09-02T19:33:22","date_gmt":"2024-09-02T18:33:22","guid":{"rendered":"https:\/\/base.thebluegrow.com\/?page_id=425"},"modified":"2025-12-18T12:11:25","modified_gmt":"2025-12-18T12:11:25","slug":"cookies","status":"publish","type":"page","link":"https:\/\/optimrepair.net\/en\/cookies\/","title":{"rendered":"COOKIE POLICY"},"content":{"rendered":"<div data-elementor-type=\"wp-page\" data-elementor-id=\"425\" class=\"elementor elementor-425\" data-elementor-post-type=\"page\">\n\t\t\t\t<div class=\"elementor-element elementor-element-28018631 e-flex e-con-boxed e-con e-parent\" data-id=\"28018631\" data-element_type=\"container\" data-e-type=\"container\">\n\t\t\t\t\t<div class=\"e-con-inner\">\n\t\t\t\t<div class=\"elementor-element elementor-element-76119db3 elementor-widget elementor-widget-text-editor\" data-id=\"76119db3\" data-element_type=\"widget\" data-e-type=\"widget\" data-widget_type=\"text-editor.default\">\n\t\t\t\t<div class=\"elementor-widget-container\">\n\t\t\t\t\t\t\t\t\t\n<h4 class=\"wp-block-heading\">https:\/\/optimrepair.net\/<\/h4>\n\n<p>Accessing this Website may involve the use of cookies. Cookies are small amounts of information stored in the browser used by each User\u2014on the different devices they may use for browsing\u2014so that the server remembers certain information, which only the server that implemented it will later read. Cookies facilitate navigation, make it more user-friendly, and do not damage the browsing device.<br \/>Cookies are automatic procedures for collecting information about the preferences set by the User during their visit to the Website, in order to recognize them as a User and personalize their experience and use of the Website. Cookies can also, for example, help identify and resolve errors.<br \/>The information collected through cookies may include the date and time of visits to the Website, the pages viewed, the time spent on the Website, and the sites visited immediately before and after it. However, no cookie allows this information to contact the User\u2019s phone number or any other personal contact method. No cookie can extract information from the User's hard drive or steal personal information. The only way for private information to be part of the cookie file is if the User personally provides that information to the server.<br \/>Cookies that allow the identification of a person are considered personal data. Therefore, they are subject to the Privacy Policy described above. In this regard, the User\u2019s consent will be required for their use. This consent will be communicated, based on a genuine choice, offered through a positive and affirmative decision, before the initial processing, removable, and documented.<\/p>\n\n<p><strong>Social Media Cookies<\/strong><br \/>Optim Repair incorporates social media plugins that allow access to social networks from the Website. For this reason, social media cookies may be stored in the User's browser. The owners of these social networks have their own data protection and cookie policies, being responsible for their own files and privacy practices. The User should refer to these policies to learn about these cookies and, if applicable, how their personal data is processed. For informational purposes, the following links are provided to consult these privacy and\/or cookie policies:<\/p>\n\n<ul class=\"wp-block-list\">\n<li>Facebook: <a href=\"https:\/\/www.facebook.com\/policies\/cookies\/\" rel=\"nofollow noopener\" target=\"_blank\">https:\/\/www.facebook.com\/policies\/cookies\/<\/a><\/li>\n\n<li>Twitter: <a href=\"https:\/\/twitter.com\/es\/privacy\" rel=\"nofollow noopener\" target=\"_blank\">https:\/\/twitter.com\/es\/privacy<\/a><\/li>\n\n<li>Instagram: <a href=\"https:\/\/help.instagram.com\/1896641480634370?ref=ig\" rel=\"nofollow noopener\" target=\"_blank\">https:\/\/help.instagram.com\/1896641480634370?ref=ig<\/a><\/li>\n\n<li>YouTube: <a href=\"https:\/\/policies.google.com\/privacy?hl=es-419&amp;gl=mx\" rel=\"nofollow noopener\" target=\"_blank\">https:\/\/policies.google.com\/privacy?hl=es-419&amp;gl=mx<\/a><\/li>\n\n<li>Pinterest: <a href=\"https:\/\/policy.pinterest.com\/es\/privacy-policy\" rel=\"nofollow noopener\" target=\"_blank\">https:\/\/policy.pinterest.com\/es\/privacy-policy<\/a><\/li>\n\n<li>LinkedIn: <a href=\"https:\/\/www.linkedin.com\/legal\/cookie-policy?trk=hp-cookies\" rel=\"nofollow noopener\" target=\"_blank\">https:\/\/www.linkedin.com\/legal\/cookie-policy?trk=hp-cookies<\/a><\/li>\n<\/ul>\n\n<p><strong>Disabling, Rejecting, and Deleting Cookies<\/strong><br \/>The User can disable, reject, and delete cookies\u2014either totally or partially\u2014installed on their device through their browser settings (for example, Chrome, Firefox, Safari, Explorer). In this regard, the procedures for rejecting and deleting cookies may differ from one browser to another. Consequently, the User should refer to the instructions provided by the browser they are using. In the event that they reject the use of cookies\u2014either totally or partially\u2014they can still use the Website, but some features may be limited.<\/p>\n\n<p>\u00a0<\/p>\n\t\t\t\t\t\t\t\t<\/div>\n\t\t\t\t<\/div>\n\t\t\t\t\t<\/div>\n\t\t\t\t<\/div>\n\t\t\t\t<\/div>","protected":false},"excerpt":{"rendered":"<p>https:\/\/optimrepair.net\/ Les cookies s\u00f3n petites quantitats d&#8217;informaci\u00f3 que es guarden al navegador utilitzat per cada Usuari \u2014en els diferents dispositius que pugui utilitzar per navegar\u2014 perqu\u00e8 el servidor recordi certa informaci\u00f3 que posteriorment i \u00fanicament el servidor que les ha implementat llegir\u00e0. Les cookies faciliten la navegaci\u00f3, la fan m\u00e9s amigable, i no danyen el [&hellip;]<\/p>\n","protected":false},"author":2,"featured_media":0,"parent":0,"menu_order":0,"comment_status":"closed","ping_status":"closed","template":"","meta":{"_joinchat":[],"footnotes":""},"class_list":["post-425","page","type-page","status-publish","hentry"],"_hostinger_reach_plugin_has_subscription_block":false,"_hostinger_reach_plugin_is_elementor":false,"_links":{"self":[{"href":"https:\/\/optimrepair.net\/en\/wp-json\/wp\/v2\/pages\/425","targetHints":{"allow":["GET"]}}],"collection":[{"href":"https:\/\/optimrepair.net\/en\/wp-json\/wp\/v2\/pages"}],"about":[{"href":"https:\/\/optimrepair.net\/en\/wp-json\/wp\/v2\/types\/page"}],"author":[{"embeddable":true,"href":"https:\/\/optimrepair.net\/en\/wp-json\/wp\/v2\/users\/2"}],"replies":[{"embeddable":true,"href":"https:\/\/optimrepair.net\/en\/wp-json\/wp\/v2\/comments?post=425"}],"version-history":[{"count":5,"href":"https:\/\/optimrepair.net\/en\/wp-json\/wp\/v2\/pages\/425\/revisions"}],"predecessor-version":[{"id":1233,"href":"https:\/\/optimrepair.net\/en\/wp-json\/wp\/v2\/pages\/425\/revisions\/1233"}],"wp:attachment":[{"href":"https:\/\/optimrepair.net\/en\/wp-json\/wp\/v2\/media?parent=425"}],"curies":[{"name":"wp","href":"https:\/\/api.w.org\/{rel}","templated":true}]}}