{"id":25,"date":"2022-11-21T22:23:43","date_gmt":"2022-11-21T22:23:43","guid":{"rendered":"https:\/\/hosting.bluegrow.es\/servicios\/"},"modified":"2025-10-19T23:23:43","modified_gmt":"2025-10-19T22:23:43","slug":"servizi-di-riparazione","status":"publish","type":"page","link":"https:\/\/optimrepair.net\/it\/servizi-di-riparazione\/","title":{"rendered":"Servizi"},"content":{"rendered":"<div data-elementor-type=\"wp-page\" data-elementor-id=\"25\" class=\"elementor elementor-25\" data-elementor-post-type=\"page\">\n\t\t\t\t<div class=\"elementor-element elementor-element-a75722a e-con-full e-flex e-con e-parent\" data-id=\"a75722a\" data-element_type=\"container\" data-e-type=\"container\" data-settings=\"{&quot;background_background&quot;:&quot;classic&quot;}\">\n\t\t\t\t<div class=\"elementor-element elementor-element-5bc550a elementor-widget elementor-widget-heading\" data-id=\"5bc550a\" data-element_type=\"widget\" data-e-type=\"widget\" data-widget_type=\"heading.default\">\n\t\t\t\t<div class=\"elementor-widget-container\">\n\t\t\t\t\t<h1 class=\"elementor-heading-title elementor-size-default\">I nostri servizi <\/h1>\t\t\t\t<\/div>\n\t\t\t\t<\/div>\n\t\t\t\t<div class=\"elementor-element elementor-element-8c074ae elementor-invisible elementor-widget elementor-widget-heading\" data-id=\"8c074ae\" data-element_type=\"widget\" data-e-type=\"widget\" data-settings=\"{&quot;_animation&quot;:&quot;fadeInDown&quot;,&quot;_animation_delay&quot;:300}\" data-widget_type=\"heading.default\">\n\t\t\t\t<div class=\"elementor-widget-container\">\n\t\t\t\t\t<h2 class=\"elementor-heading-title elementor-size-default\">Riparazioni di alta qualit\u00e0 per tutti i tuoi dispositivi tecnologici con un'assistenza personalizzata.<\/h2>\t\t\t\t<\/div>\n\t\t\t\t<\/div>\n\t\t<div class=\"elementor-element elementor-element-52bcd90 e-con-full e-flex e-con e-child\" data-id=\"52bcd90\" data-element_type=\"container\" data-e-type=\"container\" data-settings=\"{&quot;background_background&quot;:&quot;classic&quot;}\">\n\t\t<div class=\"elementor-element elementor-element-57ac611 e-flex e-con-boxed elementor-invisible e-con e-child\" data-id=\"57ac611\" data-element_type=\"container\" data-e-type=\"container\" data-settings=\"{&quot;animation&quot;:&quot;fadeIn&quot;,&quot;animation_delay&quot;:200}\">\n\t\t\t\t\t<div class=\"e-con-inner\">\n\t\t<div class=\"elementor-element elementor-element-661b62c e-con-full e-flex e-con e-child\" data-id=\"661b62c\" data-element_type=\"container\" data-e-type=\"container\" data-settings=\"{&quot;background_background&quot;:&quot;classic&quot;}\">\n\t\t<div class=\"elementor-element elementor-element-a959b73 e-con-full e-flex e-con e-child\" data-id=\"a959b73\" data-element_type=\"container\" data-e-type=\"container\">\n\t\t\t\t<div class=\"elementor-element elementor-element-28c46fc elementor-widget elementor-widget-image\" data-id=\"28c46fc\" data-element_type=\"widget\" data-e-type=\"widget\" data-widget_type=\"image.default\">\n\t\t\t\t<div class=\"elementor-widget-container\">\n\t\t\t\t\t\t\t\t\t\t\t\t\t\t\t<img fetchpriority=\"high\" decoding=\"async\" width=\"800\" height=\"533\" src=\"https:\/\/optimrepair.net\/wp-content\/uploads\/2025\/05\/repairman-fixing-smartphone-camera.webp\" class=\"attachment-large size-large wp-image-583\" alt=\"Tecnico che ripara l&#039;interno di un telefono cellulare\" srcset=\"https:\/\/optimrepair.net\/wp-content\/uploads\/2025\/05\/repairman-fixing-smartphone-camera.webp 800w, https:\/\/optimrepair.net\/wp-content\/uploads\/2025\/05\/repairman-fixing-smartphone-camera-300x200.webp 300w, https:\/\/optimrepair.net\/wp-content\/uploads\/2025\/05\/repairman-fixing-smartphone-camera-768x512.webp 768w, https:\/\/optimrepair.net\/wp-content\/uploads\/2025\/05\/repairman-fixing-smartphone-camera-18x12.webp 18w\" sizes=\"(max-width: 800px) 100vw, 800px\" title=\"\">\t\t\t\t\t\t\t\t\t\t\t\t\t\t\t<\/div>\n\t\t\t\t<\/div>\n\t\t\t\t<\/div>\n\t\t<div class=\"elementor-element elementor-element-efd46ad e-con-full .mi-contenedor-ovalado e-flex e-con e-child\" data-id=\"efd46ad\" data-element_type=\"container\" data-e-type=\"container\" data-settings=\"{&quot;background_background&quot;:&quot;classic&quot;}\">\n\t\t\t\t<div class=\"elementor-element elementor-element-9b4cecb elementor-widget elementor-widget-heading\" data-id=\"9b4cecb\" data-element_type=\"widget\" data-e-type=\"widget\" data-widget_type=\"heading.default\">\n\t\t\t\t<div class=\"elementor-widget-container\">\n\t\t\t\t\t<h3 class=\"elementor-heading-title elementor-size-default\">Riparazioni di smartphone<\/h3>\t\t\t\t<\/div>\n\t\t\t\t<\/div>\n\t\t\t\t<div class=\"elementor-element elementor-element-1396dac elementor-widget elementor-widget-heading\" data-id=\"1396dac\" data-element_type=\"widget\" data-e-type=\"widget\" data-widget_type=\"heading.default\">\n\t\t\t\t<div class=\"elementor-widget-container\">\n\t\t\t\t\t<span class=\"elementor-heading-title elementor-size-default\">Sostituzione di schermi, cambio di batterie e riparazione di danni causati dall'acqua<\/span>\t\t\t\t<\/div>\n\t\t\t\t<\/div>\n\t\t\t\t<\/div>\n\t\t\t\t<\/div>\n\t\t<div class=\"elementor-element elementor-element-a886024 e-con-full e-flex e-con e-child\" data-id=\"a886024\" data-element_type=\"container\" data-e-type=\"container\" data-settings=\"{&quot;background_background&quot;:&quot;classic&quot;}\">\n\t\t<div class=\"elementor-element elementor-element-de2298c e-con-full e-flex e-con e-child\" data-id=\"de2298c\" data-element_type=\"container\" data-e-type=\"container\">\n\t\t\t\t<div class=\"elementor-element elementor-element-31a0a48 elementor-widget elementor-widget-image\" data-id=\"31a0a48\" data-element_type=\"widget\" data-e-type=\"widget\" data-widget_type=\"image.default\">\n\t\t\t\t<div class=\"elementor-widget-container\">\n\t\t\t\t\t\t\t\t\t\t\t\t\t\t\t<img decoding=\"async\" width=\"800\" height=\"533\" src=\"https:\/\/optimrepair.net\/wp-content\/uploads\/2025\/05\/assembling-or-repairing-a-computer-with-a-screwdriver.webp\" class=\"attachment-large size-large wp-image-584\" alt=\"Tecnico che ripara l&#039;interno di un tower di computer\" srcset=\"https:\/\/optimrepair.net\/wp-content\/uploads\/2025\/05\/assembling-or-repairing-a-computer-with-a-screwdriver.webp 800w, https:\/\/optimrepair.net\/wp-content\/uploads\/2025\/05\/assembling-or-repairing-a-computer-with-a-screwdriver-300x200.webp 300w, https:\/\/optimrepair.net\/wp-content\/uploads\/2025\/05\/assembling-or-repairing-a-computer-with-a-screwdriver-768x512.webp 768w, https:\/\/optimrepair.net\/wp-content\/uploads\/2025\/05\/assembling-or-repairing-a-computer-with-a-screwdriver-18x12.webp 18w\" sizes=\"(max-width: 800px) 100vw, 800px\" title=\"\">\t\t\t\t\t\t\t\t\t\t\t\t\t\t\t<\/div>\n\t\t\t\t<\/div>\n\t\t\t\t<\/div>\n\t\t<div class=\"elementor-element elementor-element-041e65d e-con-full .mi-contenedor-ovalado e-flex e-con e-child\" data-id=\"041e65d\" data-element_type=\"container\" data-e-type=\"container\" data-settings=\"{&quot;background_background&quot;:&quot;classic&quot;}\">\n\t\t\t\t<div class=\"elementor-element elementor-element-dfab5dd elementor-widget elementor-widget-heading\" data-id=\"dfab5dd\" data-element_type=\"widget\" data-e-type=\"widget\" data-widget_type=\"heading.default\">\n\t\t\t\t<div class=\"elementor-widget-container\">\n\t\t\t\t\t<h3 class=\"elementor-heading-title elementor-size-default\">Hardware<\/h3>\t\t\t\t<\/div>\n\t\t\t\t<\/div>\n\t\t\t\t<div class=\"elementor-element elementor-element-3d042dc elementor-widget elementor-widget-heading\" data-id=\"3d042dc\" data-element_type=\"widget\" data-e-type=\"widget\" data-widget_type=\"heading.default\">\n\t\t\t\t<div class=\"elementor-widget-container\">\n\t\t\t\t\t<span class=\"elementor-heading-title elementor-size-default\">Riparazione di PC, televisori, telecomandi e console con un servizio rapido ed efficiente<\/span>\t\t\t\t<\/div>\n\t\t\t\t<\/div>\n\t\t\t\t<\/div>\n\t\t\t\t<\/div>\n\t\t<div class=\"elementor-element elementor-element-9797aae e-con-full e-flex e-con e-child\" data-id=\"9797aae\" data-element_type=\"container\" data-e-type=\"container\" data-settings=\"{&quot;background_background&quot;:&quot;classic&quot;}\">\n\t\t<div class=\"elementor-element elementor-element-8632265 e-con-full e-flex e-con e-child\" data-id=\"8632265\" data-element_type=\"container\" data-e-type=\"container\">\n\t\t\t\t<div class=\"elementor-element elementor-element-b48ec54 elementor-widget elementor-widget-image\" data-id=\"b48ec54\" data-element_type=\"widget\" data-e-type=\"widget\" data-widget_type=\"image.default\">\n\t\t\t\t<div class=\"elementor-widget-container\">\n\t\t\t\t\t\t\t\t\t\t\t\t\t\t\t<img decoding=\"async\" width=\"800\" height=\"532\" src=\"https:\/\/optimrepair.net\/wp-content\/uploads\/2025\/05\/playing-places-computer-gaming-club-interoir.webp\" class=\"attachment-large size-large wp-image-585\" alt=\"Interno del club di videogiochi per postazioni di gioco\" srcset=\"https:\/\/optimrepair.net\/wp-content\/uploads\/2025\/05\/playing-places-computer-gaming-club-interoir.webp 800w, https:\/\/optimrepair.net\/wp-content\/uploads\/2025\/05\/playing-places-computer-gaming-club-interoir-300x200.webp 300w, https:\/\/optimrepair.net\/wp-content\/uploads\/2025\/05\/playing-places-computer-gaming-club-interoir-768x511.webp 768w, https:\/\/optimrepair.net\/wp-content\/uploads\/2025\/05\/playing-places-computer-gaming-club-interoir-18x12.webp 18w\" sizes=\"(max-width: 800px) 100vw, 800px\" title=\"\">\t\t\t\t\t\t\t\t\t\t\t\t\t\t\t<\/div>\n\t\t\t\t<\/div>\n\t\t\t\t<\/div>\n\t\t<div class=\"elementor-element elementor-element-87f8d45 e-con-full .mi-contenedor-ovalado e-flex e-con e-child\" data-id=\"87f8d45\" data-element_type=\"container\" data-e-type=\"container\" data-settings=\"{&quot;background_background&quot;:&quot;classic&quot;}\">\n\t\t\t\t<div class=\"elementor-element elementor-element-a234ab2 elementor-widget elementor-widget-heading\" data-id=\"a234ab2\" data-element_type=\"widget\" data-e-type=\"widget\" data-widget_type=\"heading.default\">\n\t\t\t\t<div class=\"elementor-widget-container\">\n\t\t\t\t\t<h3 class=\"elementor-heading-title elementor-size-default\">Software<\/h3>\t\t\t\t<\/div>\n\t\t\t\t<\/div>\n\t\t\t\t<div class=\"elementor-element elementor-element-07ab124 elementor-widget elementor-widget-heading\" data-id=\"07ab124\" data-element_type=\"widget\" data-e-type=\"widget\" data-widget_type=\"heading.default\">\n\t\t\t\t<div class=\"elementor-widget-container\">\n\t\t\t\t\t<span class=\"elementor-heading-title elementor-size-default\">Installazione, configurazione, riparazione e manutenzione di computer Windows e macOS<\/span>\t\t\t\t<\/div>\n\t\t\t\t<\/div>\n\t\t\t\t<\/div>\n\t\t\t\t<\/div>\n\t\t<div class=\"elementor-element elementor-element-71117fa e-con-full e-flex e-con e-child\" data-id=\"71117fa\" data-element_type=\"container\" data-e-type=\"container\" data-settings=\"{&quot;background_background&quot;:&quot;classic&quot;}\">\n\t\t<div class=\"elementor-element elementor-element-b381398 e-con-full e-flex e-con e-child\" data-id=\"b381398\" data-element_type=\"container\" data-e-type=\"container\">\n\t\t\t\t<div class=\"elementor-element elementor-element-9939eab elementor-widget elementor-widget-image\" data-id=\"9939eab\" data-element_type=\"widget\" data-e-type=\"widget\" data-widget_type=\"image.default\">\n\t\t\t\t<div class=\"elementor-widget-container\">\n\t\t\t\t\t\t\t\t\t\t\t\t\t\t\t<img loading=\"lazy\" decoding=\"async\" width=\"800\" height=\"533\" src=\"https:\/\/optimrepair.net\/wp-content\/uploads\/2025\/05\/hand-holding-a-vintage-vhs-tape.webp\" class=\"attachment-large size-large wp-image-586\" alt=\"mano che tiene una vecchia videocassetta VHS\" srcset=\"https:\/\/optimrepair.net\/wp-content\/uploads\/2025\/05\/hand-holding-a-vintage-vhs-tape.webp 800w, https:\/\/optimrepair.net\/wp-content\/uploads\/2025\/05\/hand-holding-a-vintage-vhs-tape-300x200.webp 300w, https:\/\/optimrepair.net\/wp-content\/uploads\/2025\/05\/hand-holding-a-vintage-vhs-tape-768x512.webp 768w, https:\/\/optimrepair.net\/wp-content\/uploads\/2025\/05\/hand-holding-a-vintage-vhs-tape-18x12.webp 18w\" sizes=\"(max-width: 800px) 100vw, 800px\" title=\"\">\t\t\t\t\t\t\t\t\t\t\t\t\t\t\t<\/div>\n\t\t\t\t<\/div>\n\t\t\t\t<\/div>\n\t\t<div class=\"elementor-element elementor-element-284a880 e-con-full .mi-contenedor-ovalado e-flex e-con e-child\" data-id=\"284a880\" data-element_type=\"container\" data-e-type=\"container\" data-settings=\"{&quot;background_background&quot;:&quot;classic&quot;}\">\n\t\t\t\t<div class=\"elementor-element elementor-element-cfb628f elementor-widget elementor-widget-heading\" data-id=\"cfb628f\" data-element_type=\"widget\" data-e-type=\"widget\" data-widget_type=\"heading.default\">\n\t\t\t\t<div class=\"elementor-widget-container\">\n\t\t\t\t\t<h3 class=\"elementor-heading-title elementor-size-default\">Digitalizzazione di formati\n<\/h3>\t\t\t\t<\/div>\n\t\t\t\t<\/div>\n\t\t\t\t<div class=\"elementor-element elementor-element-10ab07e elementor-widget elementor-widget-heading\" data-id=\"10ab07e\" data-element_type=\"widget\" data-e-type=\"widget\" data-widget_type=\"heading.default\">\n\t\t\t\t<div class=\"elementor-widget-container\">\n\t\t\t\t\t<span class=\"elementor-heading-title elementor-size-default\">Conversione di VHS in file digitali per la tua comodit\u00e0<\/span>\t\t\t\t<\/div>\n\t\t\t\t<\/div>\n\t\t\t\t<\/div>\n\t\t\t\t<\/div>\n\t\t<div class=\"elementor-element elementor-element-cb3bc02 e-con-full e-flex e-con e-child\" data-id=\"cb3bc02\" data-element_type=\"container\" data-e-type=\"container\" data-settings=\"{&quot;background_background&quot;:&quot;classic&quot;}\">\n\t\t<div class=\"elementor-element elementor-element-7d53894 e-con-full e-flex e-con e-child\" data-id=\"7d53894\" data-element_type=\"container\" data-e-type=\"container\">\n\t\t\t\t<div class=\"elementor-element elementor-element-3725d30 elementor-widget elementor-widget-image\" data-id=\"3725d30\" data-element_type=\"widget\" data-e-type=\"widget\" data-widget_type=\"image.default\">\n\t\t\t\t<div class=\"elementor-widget-container\">\n\t\t\t\t\t\t\t\t\t\t\t\t\t\t\t<img loading=\"lazy\" decoding=\"async\" width=\"800\" height=\"534\" src=\"https:\/\/optimrepair.net\/wp-content\/uploads\/2025\/05\/closeup-of-a-projector-under-the-colorful-lights.webp\" class=\"attachment-large size-large wp-image-587\" alt=\"Primo piano di un proiettore sotto luci colorate\" srcset=\"https:\/\/optimrepair.net\/wp-content\/uploads\/2025\/05\/closeup-of-a-projector-under-the-colorful-lights.webp 800w, https:\/\/optimrepair.net\/wp-content\/uploads\/2025\/05\/closeup-of-a-projector-under-the-colorful-lights-300x200.webp 300w, https:\/\/optimrepair.net\/wp-content\/uploads\/2025\/05\/closeup-of-a-projector-under-the-colorful-lights-768x513.webp 768w, https:\/\/optimrepair.net\/wp-content\/uploads\/2025\/05\/closeup-of-a-projector-under-the-colorful-lights-18x12.webp 18w\" sizes=\"(max-width: 800px) 100vw, 800px\" title=\"\">\t\t\t\t\t\t\t\t\t\t\t\t\t\t\t<\/div>\n\t\t\t\t<\/div>\n\t\t\t\t<\/div>\n\t\t<div class=\"elementor-element elementor-element-e532f95 e-con-full .mi-contenedor-ovalado e-flex e-con e-child\" data-id=\"e532f95\" data-element_type=\"container\" data-e-type=\"container\" data-settings=\"{&quot;background_background&quot;:&quot;classic&quot;}\">\n\t\t\t\t<div class=\"elementor-element elementor-element-9ac7409 elementor-widget elementor-widget-heading\" data-id=\"9ac7409\" data-element_type=\"widget\" data-e-type=\"widget\" data-widget_type=\"heading.default\">\n\t\t\t\t<div class=\"elementor-widget-container\">\n\t\t\t\t\t<h3 class=\"elementor-heading-title elementor-size-default\">Noleggio di proiettori e PC<\/h3>\t\t\t\t<\/div>\n\t\t\t\t<\/div>\n\t\t\t\t<div class=\"elementor-element elementor-element-f826ef0 elementor-widget elementor-widget-heading\" data-id=\"f826ef0\" data-element_type=\"widget\" data-e-type=\"widget\" data-widget_type=\"heading.default\">\n\t\t\t\t<div class=\"elementor-widget-container\">\n\t\t\t\t\t<span class=\"elementor-heading-title elementor-size-default\">Noleggio di proiettori, schermi, altoparlanti e laptop<\/span>\t\t\t\t<\/div>\n\t\t\t\t<\/div>\n\t\t\t\t<\/div>\n\t\t\t\t<\/div>\n\t\t<div class=\"elementor-element elementor-element-93aa5de e-con-full e-flex e-con e-child\" data-id=\"93aa5de\" data-element_type=\"container\" data-e-type=\"container\" data-settings=\"{&quot;background_background&quot;:&quot;classic&quot;}\">\n\t\t<div class=\"elementor-element elementor-element-d634257 e-con-full e-flex e-con e-child\" data-id=\"d634257\" data-element_type=\"container\" data-e-type=\"container\">\n\t\t\t\t<div class=\"elementor-element elementor-element-e80a275 elementor-widget elementor-widget-image\" data-id=\"e80a275\" data-element_type=\"widget\" data-e-type=\"widget\" data-widget_type=\"image.default\">\n\t\t\t\t<div class=\"elementor-widget-container\">\n\t\t\t\t\t\t\t\t\t\t\t\t\t\t\t<img loading=\"lazy\" decoding=\"async\" width=\"800\" height=\"533\" src=\"https:\/\/optimrepair.net\/wp-content\/uploads\/2025\/05\/recovery-support-hard-disk-drive-to-repair.webp\" class=\"attachment-large size-large wp-image-588\" alt=\"Un tecnico digitale che ripara un componente di un computer.\" srcset=\"https:\/\/optimrepair.net\/wp-content\/uploads\/2025\/05\/recovery-support-hard-disk-drive-to-repair.webp 800w, https:\/\/optimrepair.net\/wp-content\/uploads\/2025\/05\/recovery-support-hard-disk-drive-to-repair-300x200.webp 300w, https:\/\/optimrepair.net\/wp-content\/uploads\/2025\/05\/recovery-support-hard-disk-drive-to-repair-768x512.webp 768w, https:\/\/optimrepair.net\/wp-content\/uploads\/2025\/05\/recovery-support-hard-disk-drive-to-repair-18x12.webp 18w\" sizes=\"(max-width: 800px) 100vw, 800px\" title=\"\">\t\t\t\t\t\t\t\t\t\t\t\t\t\t\t<\/div>\n\t\t\t\t<\/div>\n\t\t\t\t<\/div>\n\t\t<div class=\"elementor-element elementor-element-c5d347f e-con-full .mi-contenedor-ovalado e-flex e-con e-child\" data-id=\"c5d347f\" data-element_type=\"container\" data-e-type=\"container\" data-settings=\"{&quot;background_background&quot;:&quot;classic&quot;}\">\n\t\t\t\t<div class=\"elementor-element elementor-element-a8fe650 elementor-widget elementor-widget-heading\" data-id=\"a8fe650\" data-element_type=\"widget\" data-e-type=\"widget\" data-widget_type=\"heading.default\">\n\t\t\t\t<div class=\"elementor-widget-container\">\n\t\t\t\t\t<h3 class=\"elementor-heading-title elementor-size-default\">Recupero dati<\/h3>\t\t\t\t<\/div>\n\t\t\t\t<\/div>\n\t\t\t\t<div class=\"elementor-element elementor-element-fdc2412 elementor-widget elementor-widget-heading\" data-id=\"fdc2412\" data-element_type=\"widget\" data-e-type=\"widget\" data-widget_type=\"heading.default\">\n\t\t\t\t<div class=\"elementor-widget-container\">\n\t\t\t\t\t<span class=\"elementor-heading-title elementor-size-default\">Recuperiamo i dati da guasti fisici o logici dei tuoi dischi e memorie<\/span>\t\t\t\t<\/div>\n\t\t\t\t<\/div>\n\t\t\t\t<\/div>\n\t\t\t\t<\/div>\n\t\t\t\t\t<\/div>\n\t\t\t\t<\/div>\n\t\t\t\t<\/div>\n\t\t\t\t<\/div>\n\t\t\t\t<\/div>","protected":false},"excerpt":{"rendered":"<p>Els nostres serveis Reparacions d&#8217;alta qualitat per a tots els teus dispositius tecnol\u00f2gics amb atenci\u00f3 personalitzada. Reparacions de Smartphones Substituci\u00f3 de pantalles, canvis de bateria i reparaci\u00f3 de danys per aigua Hardware Reparaci\u00f3 de PCs, televisions, comandaments i consoles amb un servei proper i eficient Software Instal\u00b7laci\u00f3, configuraci\u00f3, reparaci\u00f3 i manteniment d&#8217;ordinadors Windows i macOS [&hellip;]<\/p>\n","protected":false},"author":2,"featured_media":0,"parent":0,"menu_order":4,"comment_status":"closed","ping_status":"closed","template":"","meta":{"_joinchat":[],"footnotes":""},"class_list":["post-25","page","type-page","status-publish","hentry"],"_hostinger_reach_plugin_has_subscription_block":false,"_hostinger_reach_plugin_is_elementor":false,"_links":{"self":[{"href":"https:\/\/optimrepair.net\/it\/wp-json\/wp\/v2\/pages\/25","targetHints":{"allow":["GET"]}}],"collection":[{"href":"https:\/\/optimrepair.net\/it\/wp-json\/wp\/v2\/pages"}],"about":[{"href":"https:\/\/optimrepair.net\/it\/wp-json\/wp\/v2\/types\/page"}],"author":[{"embeddable":true,"href":"https:\/\/optimrepair.net\/it\/wp-json\/wp\/v2\/users\/2"}],"replies":[{"embeddable":true,"href":"https:\/\/optimrepair.net\/it\/wp-json\/wp\/v2\/comments?post=25"}],"version-history":[{"count":0,"href":"https:\/\/optimrepair.net\/it\/wp-json\/wp\/v2\/pages\/25\/revisions"}],"wp:attachment":[{"href":"https:\/\/optimrepair.net\/it\/wp-json\/wp\/v2\/media?parent=25"}],"curies":[{"name":"wp","href":"https:\/\/api.w.org\/{rel}","templated":true}]}}