{"id":423,"date":"2024-09-02T19:33:05","date_gmt":"2024-09-02T18:33:05","guid":{"rendered":"https:\/\/base.thebluegrow.com\/?page_id=423"},"modified":"2025-12-18T10:30:01","modified_gmt":"2025-12-18T10:30:01","slug":"legale","status":"publish","type":"page","link":"https:\/\/optimrepair.net\/it\/legale\/","title":{"rendered":"AVVISO LEGALE E CONDIZIONI GENERALI DI UTILIZZO"},"content":{"rendered":"<div data-elementor-type=\"wp-page\" data-elementor-id=\"423\" class=\"elementor elementor-423\" data-elementor-post-type=\"page\">\n\t\t\t\t<div class=\"elementor-element elementor-element-4da559fd e-flex e-con-boxed e-con e-parent\" data-id=\"4da559fd\" data-element_type=\"container\" data-e-type=\"container\">\n\t\t\t\t\t<div class=\"e-con-inner\">\n\t\t\t\t<div class=\"elementor-element elementor-element-5a90c497 elementor-widget elementor-widget-text-editor\" data-id=\"5a90c497\" data-element_type=\"widget\" data-e-type=\"widget\" data-widget_type=\"text-editor.default\">\n\t\t\t\t<div class=\"elementor-widget-container\">\n\t\t\t\t\t\t\t\t\t\n<p><strong>https:\/\/optimrepair.net\/<\/strong><\/p>\n\n<p><strong>I. INFORMAZIONI GENERALI<\/strong><br \/>In ottemperanza all'obbligo di informazione stabilito dalla Legge 34\/2002 sui Servizi della Societ\u00e0 dell'Informazione e sul Commercio Elettronico (LSSI-CE) dell'11 luglio, vengono forniti di seguito i seguenti dati di informazioni generali su questo sito web:<br \/>La titolarit\u00e0 di questo sito web, <a href=\"https:\/\/optimrepair.net\/it\/\">https:\/\/optimrepair.net\/<\/a> (di seguito, Sito Web) appartiene a: Alexandre del Pozo Bayona, con NIF: 43540988X, e i cui dati di contatto sono:<\/p>\n\n<ul class=\"wp-block-list\">\n<li>Indirizzo: C\/ Dubl\u00edn, 16<\/li>\n\n<li>Numero di telefono: +34660484988<\/li>\n\n<li>Email di contatto: <a>danletinformatics@gmail.com<\/a><\/li>\n<\/ul>\n\n<p><strong>II. TERMINI E CONDIZIONI GENERALI DI UTILIZZO<\/strong><br \/><strong>Oggetto delle condizioni: Il Sito Web<\/strong><br \/>L'oggetto delle presenti Condizioni Generali di Utilizzo (di seguito, Condizioni) \u00e8 regolamentare l'accesso e l'utilizzo del Sito Web. Ai fini delle presenti Condizioni, si intender\u00e0 come Sito Web: l'aspetto esterno delle interfacce dello schermo, sia in forma statica che dinamica, cio\u00e8 l'albero di navigazione; e tutti gli elementi integrati sia nelle interfacce dello schermo che nell'albero di navigazione (di seguito, Contenuti) e tutti i servizi o risorse online che, eventualmente, verranno offerti agli Utenti (di seguito, Servizi).<br \/>Optim Repair si riserva il diritto di modificare, in qualsiasi momento, e senza preavviso, la presentazione e configurazione del Sito Web e dei Contenuti e Servizi che in esso possano essere incorporati. L'Utente riconosce e accetta che, in qualsiasi momento, Optim Repair possa interrompere, disattivare e\/o cancellare uno qualsiasi di questi elementi integrati nel Sito Web o l'accesso agli stessi.<br \/>L'accesso al Sito Web da parte dell'Utente \u00e8 gratuito e, in generale, non comporta alcuna spesa da parte dell'Utente, salvo per quanto riguarda il costo di connessione attraverso la rete di telecomunicazioni fornita dal provider di accesso che l'Utente ha contratto.<br \/>L'utilizzo dei Contenuti non richiede alcuna sottoscrizione o registrazione preventiva.<\/p>\n\n<p><strong>L'Utente<\/strong><br \/>L'accesso, la navigazione e l'uso del Sito Web, nonch\u00e9 gli spazi abilitati per interagire tra gli Utenti, e tra l'Utente e Optim Repair, come i commenti e\/o spazi di blogging, conferiscono la qualit\u00e0 di Utente, per cui si accettano, da quando si inizia a navigare nel Sito Web, tutte le Condizioni qui stabilite, nonch\u00e9 le loro eventuali modifiche, fatto salvo l'applicazione della normativa legale di obbligatoria osservanza a seconda del caso. Data l'importanza di quanto sopra, si consiglia all'Utente di leggere le Condizioni ogni volta che visiti il Sito Web.<br \/>Il Sito Web di Optim Repair fornisce una grande variet\u00e0 di informazioni, servizi e dati. L'Utente si assume la responsabilit\u00e0 di fare un uso corretto del Sito Web. Tale responsabilit\u00e0 si estender\u00e0 a:<\/p>\n\n<ul class=\"wp-block-list\">\n<li>Un uso delle informazioni, Contenuti e\/o Servizi e dati offerti da Optim Repair che non sia contrario a quanto previsto dalle presenti Condizioni, dalla Legge, dalla morale o dall'ordine pubblico, o che in altro modo possa ledere i diritti di terzi o il funzionamento stesso del Sito Web.<\/li>\n\n<li>La veridicit\u00e0 e legalit\u00e0 delle informazioni fornite dall'Utente nei moduli forniti da Optim Repair per l'accesso a determinati Contenuti o Servizi offerti dal Sito Web. In ogni caso, l'Utente dovr\u00e0 notificare immediatamente a Optim Repair qualsiasi fatto che consenta l'uso improprio delle informazioni registrate in tali moduli, come, ma non solo, il furto, la perdita o l'accesso non autorizzato a identificatori e\/o password, al fine di procedere alla loro immediata cancellazione.<br \/>Optim Repair si riserva il diritto di rimuovere tutti quei commenti e contributi che violino la legge, il rispetto della dignit\u00e0 della persona, che siano discriminatori, xenofobi, razzisti, pornografici, spam, che offendano la giovent\u00f9 o l'infanzia, l'ordine o la sicurezza pubblica o che, a suo giudizio, non siano adatti per la pubblicazione.<br \/>In ogni caso, Optim Repair non sar\u00e0 responsabile delle opinioni espresse dagli Utenti attraverso commenti o altri strumenti di blogging o di partecipazione che possano esserci.<br \/>Il semplice accesso a questo Sito Web non implica alcun tipo di relazione commerciale tra Optim Repair e l'Utente.<br \/>L'Utente dichiara di essere maggiorenne e di avere la capacit\u00e0 giuridica sufficiente per vincolarsi alle presenti Condizioni. Pertanto, questo Sito Web di Optim Repair non \u00e8 diretto a minorenni. Optim Repair declina ogni responsabilit\u00e0 per la violazione di tale requisito.<\/li>\n<\/ul>\n\n<p><strong>III. ACCESSO E NAVIGAZIONE NEL SITO WEB: ESCLUSIONE DI GARANZIE E RESPONSABILIT\u00c0<\/strong><br \/>Optim Repair non garantisce la continuit\u00e0, la disponibilit\u00e0 e l'utilit\u00e0 del Sito Web, n\u00e9 dei Contenuti o Servizi. Optim Repair far\u00e0 tutto il possibile per il buon funzionamento del Sito Web, tuttavia, non si assume responsabilit\u00e0 n\u00e9 garantisce che l'accesso a questo Sito Web sar\u00e0 ininterrotto o privo di errori.<br \/>Non si assume nemmeno responsabilit\u00e0 o garanzia che il contenuto o il software a cui si pu\u00f2 accedere tramite questo Sito Web sia privo di errori o causi danni al sistema informatico (software e hardware) dell'Utente. In nessun caso, Optim Repair sar\u00e0 responsabile per perdite, danni o danni di qualsiasi tipo che derivino dall'accesso, navigazione e utilizzo del Sito Web, inclusi, ma non limitati a quelli causati dai sistemi informatici o da virus.<br \/>Optim Repair non si assume nemmeno la responsabilit\u00e0 per i danni che potrebbero verificarsi agli utenti a causa di un uso improprio di questo Sito Web. In particolare, non si assume alcuna responsabilit\u00e0 per interruzioni, guasti o difetti nelle telecomunicazioni che potrebbero verificarsi.<\/p>\n\n<p><strong>IV. POLITICA DEI LINK<\/strong><br \/>Si informa che il Sito Web di Optim Repair mette o pu\u00f2 mettere a disposizione degli Utenti mezzi di collegamento (come, tra gli altri, link, banner, pulsanti), directory e motori di ricerca che consentono agli Utenti di accedere a siti web appartenenti e\/o gestiti da terzi.<br \/>L'installazione di questi link, directory e motori di ricerca nel Sito Web ha lo scopo di facilitare agli Utenti la ricerca e l'accesso alle informazioni disponibili su Internet, senza che possa essere considerata una proposta, raccomandazione o invito alla visita degli stessi.<br \/>Optim Repair non offre n\u00e9 commercializza direttamente n\u00e9 tramite terzi i prodotti e\/o servizi disponibili su questi siti collegati.<br \/>Inoltre, non garantir\u00e0 la disponibilit\u00e0 tecnica, la precisione, la veridicit\u00e0, la validit\u00e0 o la legalit\u00e0 dei siti estranei alla sua propriet\u00e0 ai quali si pu\u00f2 accedere tramite i link.<br \/>Optim Repair in nessun caso esaminer\u00e0 o controller\u00e0 il contenuto di altri siti web, n\u00e9 approva, esamina o fa propri i prodotti e servizi, contenuti, file e qualsiasi altro materiale presente nei suddetti siti collegati.<\/p>\n\n<p class=\"translation-block\">V. PROPRIET\u00c0 INTELLETTUALE E INDUSTRIALE\nOptim Repair, per s\u00e9 o come parte cessionaria, \u00e8 titolare di tutti i diritti di propriet\u00e0 intellettuale e industriale del Sito Web, cos\u00ec come degli elementi contenuti al suo interno (a titolo esemplificativo e non esaustivo, immagini, suoni, audio, video, software o testi, marchi o loghi, combinazioni di colori, struttura e design, selezione dei materiali usati, programmi per computer necessari per il suo funzionamento, accesso e uso, ecc.). Saranno, pertanto, opere protette come propriet\u00e0 intellettuale secondo la normativa giuridica spagnola, e ad esse si applicheranno le normative spagnole e comunitarie in materia, nonch\u00e9 i trattati internazionali in materia sottoscritti dalla Spagna.\nTutti i diritti riservati. In virt\u00f9 di quanto disposto dalla Legge sulla Propriet\u00e0 Intellettuale, sono espressamente vietati la riproduzione, la distribuzione e la comunicazione pubblica, inclusa la sua messa a disposizione, della totalit\u00e0 o parte dei contenuti di questo sito web, per scopi commerciali, su qualsiasi supporto e con qualsiasi mezzo tecnico, senza l'autorizzazione di Optim Repair.\nL'Utente si impegna a rispettare i diritti di propriet\u00e0 intellettuale e industriale di Optim Repair. Potr\u00e0 visualizzare gli elementi del Sito Web o anche stamparli, copiarli e memorizzarli nel disco rigido del proprio computer o su qualsiasi altro supporto fisico, sempre e solo per uso personale. L'Utente, tuttavia, non potr\u00e0 eliminare, alterare o manomettere alcun dispositivo di protezione o sistema di sicurezza installato nel Sito Web.\nNel caso in cui l'Utente o un terzo consideri che uno qualsiasi dei Contenuti del Sito Web violi i diritti di protezione della propriet\u00e0 intellettuale, dovr\u00e0 comunicarlo immediatamente a Optim Repair attraverso i dati di contatto della sezione INFORMAZIONI GENERALI di questo Avviso Legale e Condizioni Generali di Utilizzo.<\/p>\n\n<p class=\"translation-block\">VI. AZIONI LEGALI, LEGISLAZIONE APPLICABILE E GIURISDIZIONE\nOptim Repair si riserva la facolt\u00e0 di intraprendere le azioni civili o penali che riterr\u00e0 necessarie per l'utilizzo improprio del Sito Web e dei Contenuti, o per il mancato rispetto delle presenti Condizioni.\nIl rapporto tra l'Utente e Optim Repair sar\u00e0 regolato dalla normativa vigente e applicabile nel territorio spagnolo. In caso di controversie relative all'interpretazione e\/o applicazione di queste Condizioni, le parti sottoporranno le loro controversie alla giurisdizione ordinaria, sottoponendosi ai giudici e tribunali competenti secondo la legge.<\/p>\n\t\t\t\t\t\t\t\t<\/div>\n\t\t\t\t<\/div>\n\t\t\t\t\t<\/div>\n\t\t\t\t<\/div>\n\t\t\t\t<\/div>","protected":false},"excerpt":{"rendered":"<p>https:\/\/optimrepair.net\/ I. INFORMACI\u00d3 GENERALEn compliment amb el deure d&#8217;informaci\u00f3 establert a la Llei 34\/2002 de Serveis de la Societat de la Informaci\u00f3 i el Comer\u00e7 Electr\u00f2nic (LSSI-CE) de 11 de juliol, es faciliten a continuaci\u00f3 les seg\u00fcents dades d&#8217;informaci\u00f3 general d&#8217;aquest lloc web:La titularitat d&#8217;aquest lloc web, https:\/\/optimrepair.net\/ (en endavant, Lloc Web) la t\u00e9: Alexandre [&hellip;]<\/p>\n","protected":false},"author":2,"featured_media":0,"parent":0,"menu_order":0,"comment_status":"closed","ping_status":"closed","template":"","meta":{"_joinchat":[],"footnotes":""},"class_list":["post-423","page","type-page","status-publish","hentry"],"_hostinger_reach_plugin_has_subscription_block":false,"_hostinger_reach_plugin_is_elementor":false,"_links":{"self":[{"href":"https:\/\/optimrepair.net\/it\/wp-json\/wp\/v2\/pages\/423","targetHints":{"allow":["GET"]}}],"collection":[{"href":"https:\/\/optimrepair.net\/it\/wp-json\/wp\/v2\/pages"}],"about":[{"href":"https:\/\/optimrepair.net\/it\/wp-json\/wp\/v2\/types\/page"}],"author":[{"embeddable":true,"href":"https:\/\/optimrepair.net\/it\/wp-json\/wp\/v2\/users\/2"}],"replies":[{"embeddable":true,"href":"https:\/\/optimrepair.net\/it\/wp-json\/wp\/v2\/comments?post=423"}],"version-history":[{"count":5,"href":"https:\/\/optimrepair.net\/it\/wp-json\/wp\/v2\/pages\/423\/revisions"}],"predecessor-version":[{"id":1221,"href":"https:\/\/optimrepair.net\/it\/wp-json\/wp\/v2\/pages\/423\/revisions\/1221"}],"wp:attachment":[{"href":"https:\/\/optimrepair.net\/it\/wp-json\/wp\/v2\/media?parent=423"}],"curies":[{"name":"wp","href":"https:\/\/api.w.org\/{rel}","templated":true}]}}