{"id":425,"date":"2024-09-02T19:33:22","date_gmt":"2024-09-02T18:33:22","guid":{"rendered":"https:\/\/base.thebluegrow.com\/?page_id=425"},"modified":"2025-12-18T12:11:25","modified_gmt":"2025-12-18T12:11:25","slug":"cookies","status":"publish","type":"page","link":"https:\/\/optimrepair.net\/it\/cookies\/","title":{"rendered":"POLITICA SUI COOKIE"},"content":{"rendered":"<div data-elementor-type=\"wp-page\" data-elementor-id=\"425\" class=\"elementor elementor-425\" data-elementor-post-type=\"page\">\n\t\t\t\t<div class=\"elementor-element elementor-element-28018631 e-flex e-con-boxed e-con e-parent\" data-id=\"28018631\" data-element_type=\"container\" data-e-type=\"container\">\n\t\t\t\t\t<div class=\"e-con-inner\">\n\t\t\t\t<div class=\"elementor-element elementor-element-76119db3 elementor-widget elementor-widget-text-editor\" data-id=\"76119db3\" data-element_type=\"widget\" data-e-type=\"widget\" data-widget_type=\"text-editor.default\">\n\t\t\t\t<div class=\"elementor-widget-container\">\n\t\t\t\t\t\t\t\t\t\n<h4 class=\"wp-block-heading\">https:\/\/optimrepair.net\/<\/h4>\n\n<p>L'accesso a questo Sito Web pu\u00f2 comportare l'uso di cookie. I cookie sono piccole quantit\u00e0 di informazioni che vengono memorizzate nel browser utilizzato da ogni Utente, sui diversi dispositivi che potrebbe usare per navigare, affinch\u00e9 il server possa ricordare alcune informazioni che poi e solo il server che le ha implementate potr\u00e0 leggere. I cookie facilitano la navigazione, la rendono pi\u00f9 amichevole e non danneggiano il dispositivo di navigazione.<br \/>I cookie sono procedure automatiche di raccolta di informazioni relative alle preferenze determinate dall'Utente durante la sua visita al Sito Web, al fine di riconoscerlo come Utente, personalizzare la sua esperienza e l'uso del Sito Web, e possono anche, per esempio, aiutare a identificare e risolvere errori.<br \/>Le informazioni raccolte tramite i cookie possono includere la data e l'ora delle visite al Sito Web, le pagine visualizzate, il tempo trascorso sul Sito Web e i siti visitati prima e dopo di esso. Tuttavia, nessun cookie consente di contattare l'Utente tramite il numero di telefono o qualsiasi altro mezzo di contatto personale. Nessun cookie pu\u00f2 estrarre informazioni dal disco rigido dell'Utente o rubare informazioni personali. L'unico modo affinch\u00e9 le informazioni private dell'Utente diventino parte del file Cookie \u00e8 che l'Utente fornisca personalmente tali informazioni al server.<br \/>I cookie che consentono di identificare una persona sono considerati dati personali. Pertanto, ad essi si applicher\u00e0 la Politica sulla Privacy precedentemente descritta. In questo senso, per l'utilizzo degli stessi sar\u00e0 necessario il consenso dell'Utente. Questo consenso sar\u00e0 comunicato, su base di una scelta autentica, fornito tramite una decisione affermativa e positiva, prima del trattamento iniziale, rimovibile e documentato.<\/p>\n\n<p><strong>Cookie dei social media<\/strong><br \/>Optim Repair incorpora plugin di social media, che permettono di accedervi dal Sito Web. Per questo motivo, i cookie dei social media possono essere memorizzati nel browser dell'Utente. I titolari di tali social media hanno le proprie politiche di protezione dei dati e dei cookie, essendo loro stessi, in ogni caso, responsabili dei propri file e delle proprie pratiche di privacy. L'Utente deve fare riferimento a tali politiche per informarsi sui cookie e, se del caso, sul trattamento dei suoi dati personali. A titolo informativo, di seguito sono riportati i link per consultare le politiche sulla privacy e\/o sui cookie:<\/p>\n\n<ul class=\"wp-block-list\">\n<li>Facebook: <a href=\"https:\/\/www.facebook.com\/policies\/cookies\/\" rel=\"nofollow noopener\" target=\"_blank\">https:\/\/www.facebook.com\/policies\/cookies\/<\/a><\/li>\n\n<li>Twitter: <a href=\"https:\/\/twitter.com\/es\/privacy\" rel=\"nofollow noopener\" target=\"_blank\">https:\/\/twitter.com\/es\/privacy<\/a><\/li>\n\n<li>Instagram: <a href=\"https:\/\/help.instagram.com\/1896641480634370?ref=ig\" rel=\"nofollow noopener\" target=\"_blank\">https:\/\/help.instagram.com\/1896641480634370?ref=ig<\/a><\/li>\n\n<li>YouTube: <a href=\"https:\/\/policies.google.com\/privacy?hl=es-419&amp;gl=mx\" rel=\"nofollow noopener\" target=\"_blank\">https:\/\/policies.google.com\/privacy?hl=es-419&amp;gl=mx<\/a><\/li>\n\n<li>Pinterest: <a href=\"https:\/\/policy.pinterest.com\/es\/privacy-policy\" rel=\"nofollow noopener\" target=\"_blank\">https:\/\/policy.pinterest.com\/es\/privacy-policy<\/a><\/li>\n\n<li>LinkedIn: <a href=\"https:\/\/www.linkedin.com\/legal\/cookie-policy?trk=hp-cookies\" rel=\"nofollow noopener\" target=\"_blank\">https:\/\/www.linkedin.com\/legal\/cookie-policy?trk=hp-cookies<\/a><\/li>\n<\/ul>\n\n<p><strong>Disabilitare, rifiutare ed eliminare i cookie<\/strong><br \/>L'Utente pu\u00f2 disabilitare, rifiutare ed eliminare i cookie, totalmente o parzialmente, installati nel suo dispositivo tramite la configurazione del suo browser (tra cui, ad esempio, Chrome, Firefox, Safari, Explorer). A tal proposito, le procedure per rifiutare ed eliminare i cookie possono differire da un browser all'altro. Pertanto, l'Utente deve fare riferimento alle istruzioni fornite dal browser di Internet che sta utilizzando. Nel caso in cui rifiuti l'uso dei cookie, totalmente o parzialmente, potr\u00e0 continuare a utilizzare il Sito Web, sebbene potrebbe avere delle limitazioni nell'utilizzo di alcune delle sue funzionalit\u00e0.<\/p>\n\n<p>\u00a0<\/p>\n\t\t\t\t\t\t\t\t<\/div>\n\t\t\t\t<\/div>\n\t\t\t\t\t<\/div>\n\t\t\t\t<\/div>\n\t\t\t\t<\/div>","protected":false},"excerpt":{"rendered":"<p>https:\/\/optimrepair.net\/ Les cookies s\u00f3n petites quantitats d&#8217;informaci\u00f3 que es guarden al navegador utilitzat per cada Usuari \u2014en els diferents dispositius que pugui utilitzar per navegar\u2014 perqu\u00e8 el servidor recordi certa informaci\u00f3 que posteriorment i \u00fanicament el servidor que les ha implementat llegir\u00e0. Les cookies faciliten la navegaci\u00f3, la fan m\u00e9s amigable, i no danyen el [&hellip;]<\/p>\n","protected":false},"author":2,"featured_media":0,"parent":0,"menu_order":0,"comment_status":"closed","ping_status":"closed","template":"","meta":{"_joinchat":[],"footnotes":""},"class_list":["post-425","page","type-page","status-publish","hentry"],"_hostinger_reach_plugin_has_subscription_block":false,"_hostinger_reach_plugin_is_elementor":false,"_links":{"self":[{"href":"https:\/\/optimrepair.net\/it\/wp-json\/wp\/v2\/pages\/425","targetHints":{"allow":["GET"]}}],"collection":[{"href":"https:\/\/optimrepair.net\/it\/wp-json\/wp\/v2\/pages"}],"about":[{"href":"https:\/\/optimrepair.net\/it\/wp-json\/wp\/v2\/types\/page"}],"author":[{"embeddable":true,"href":"https:\/\/optimrepair.net\/it\/wp-json\/wp\/v2\/users\/2"}],"replies":[{"embeddable":true,"href":"https:\/\/optimrepair.net\/it\/wp-json\/wp\/v2\/comments?post=425"}],"version-history":[{"count":5,"href":"https:\/\/optimrepair.net\/it\/wp-json\/wp\/v2\/pages\/425\/revisions"}],"predecessor-version":[{"id":1233,"href":"https:\/\/optimrepair.net\/it\/wp-json\/wp\/v2\/pages\/425\/revisions\/1233"}],"wp:attachment":[{"href":"https:\/\/optimrepair.net\/it\/wp-json\/wp\/v2\/media?parent=425"}],"curies":[{"name":"wp","href":"https:\/\/api.w.org\/{rel}","templated":true}]}}